{"id":748,"date":"2025-09-01T14:28:37","date_gmt":"2025-09-01T12:28:37","guid":{"rendered":"https:\/\/zuqhqpfdapzrpwq.lagencedefab.com\/Prepod\/?page_id=748"},"modified":"2025-10-14T09:00:28","modified_gmt":"2025-10-14T07:00:28","slug":"les-ressources-leaderprint","status":"publish","type":"page","link":"https:\/\/zuqhqpfdapzrpwq.lagencedefab.com\/Prepod\/?page_id=748","title":{"rendered":"Les ressources LeaderPrint"},"content":{"rendered":"\t\t<div data-elementor-type=\"wp-page\" data-elementor-id=\"748\" class=\"elementor elementor-748\" data-elementor-post-type=\"page\">\n\t\t\t\t<div class=\"elementor-element elementor-element-102656e e-flex e-con-boxed e-con e-parent\" data-id=\"102656e\" data-element_type=\"container\" data-e-type=\"container\">\n\t\t\t\t\t<div class=\"e-con-inner\">\n\t\t\t\t<div class=\"elementor-element elementor-element-bcf9472 elementor-grid-3 elementor-grid-tablet-2 elementor-grid-mobile-1 elementor-posts--thumbnail-top elementor-widget elementor-widget-posts\" data-id=\"bcf9472\" data-element_type=\"widget\" data-e-type=\"widget\" data-settings=\"{&quot;classic_columns&quot;:&quot;3&quot;,&quot;classic_columns_tablet&quot;:&quot;2&quot;,&quot;classic_columns_mobile&quot;:&quot;1&quot;,&quot;classic_row_gap&quot;:{&quot;unit&quot;:&quot;px&quot;,&quot;size&quot;:35,&quot;sizes&quot;:[]},&quot;classic_row_gap_tablet&quot;:{&quot;unit&quot;:&quot;px&quot;,&quot;size&quot;:&quot;&quot;,&quot;sizes&quot;:[]},&quot;classic_row_gap_mobile&quot;:{&quot;unit&quot;:&quot;px&quot;,&quot;size&quot;:&quot;&quot;,&quot;sizes&quot;:[]}}\" data-widget_type=\"posts.classic\">\n\t\t\t\t<div class=\"elementor-widget-container\">\n\t\t\t\t\t\t\t<div class=\"elementor-posts-container elementor-posts elementor-posts--skin-classic elementor-grid\" role=\"list\">\n\t\t\t\t<article class=\"elementor-post elementor-grid-item post-1486 post type-post status-publish format-standard has-post-thumbnail hentry category-non-classe\" role=\"listitem\">\n\t\t\t\t<a class=\"elementor-post__thumbnail__link\" href=\"https:\/\/zuqhqpfdapzrpwq.lagencedefab.com\/Prepod\/?p=1486\" tabindex=\"-1\" >\n\t\t\t<div class=\"elementor-post__thumbnail\"><img fetchpriority=\"high\" decoding=\"async\" width=\"1000\" height=\"429\" src=\"https:\/\/zuqhqpfdapzrpwq.lagencedefab.com\/Prepod\/wp-content\/uploads\/2025\/10\/29271.webp\" class=\"attachment-full size-full wp-image-1256\" alt=\"impression num\u00e9rique\" srcset=\"https:\/\/zuqhqpfdapzrpwq.lagencedefab.com\/Prepod\/wp-content\/uploads\/2025\/10\/29271.webp 1000w, https:\/\/zuqhqpfdapzrpwq.lagencedefab.com\/Prepod\/wp-content\/uploads\/2025\/10\/29271-300x129.webp 300w, https:\/\/zuqhqpfdapzrpwq.lagencedefab.com\/Prepod\/wp-content\/uploads\/2025\/10\/29271-768x329.webp 768w\" sizes=\"(max-width: 1000px) 100vw, 1000px\" \/><\/div>\n\t\t<\/a>\n\t\t\t\t<div class=\"elementor-post__text\">\n\t\t\t\t<h3 class=\"elementor-post__title\">\n\t\t\t<a href=\"https:\/\/zuqhqpfdapzrpwq.lagencedefab.com\/Prepod\/?p=1486\" >\n\t\t\t\tImpression \u00e9co-responsable : Comment aligner vos supports de communication avec vos objectifs RSE ?\t\t\t<\/a>\n\t\t<\/h3>\n\t\t\n\t\t<a class=\"elementor-post__read-more\" href=\"https:\/\/zuqhqpfdapzrpwq.lagencedefab.com\/Prepod\/?p=1486\" aria-label=\"En savoir plus sur Impression \u00e9co-responsable : Comment aligner vos supports de communication avec vos objectifs RSE ?\" tabindex=\"-1\" >\n\t\t\tLire la suite de l'article \u00bb\t\t<\/a>\n\n\t\t\t\t<\/div>\n\t\t\t\t<\/article>\n\t\t\t\t<article class=\"elementor-post elementor-grid-item post-1349 post type-post status-publish format-standard has-post-thumbnail hentry category-non-classe\" role=\"listitem\">\n\t\t\t\t<a class=\"elementor-post__thumbnail__link\" href=\"https:\/\/zuqhqpfdapzrpwq.lagencedefab.com\/Prepod\/?p=1349\" tabindex=\"-1\" >\n\t\t\t<div class=\"elementor-post__thumbnail\"><img fetchpriority=\"high\" decoding=\"async\" width=\"1000\" height=\"429\" src=\"https:\/\/zuqhqpfdapzrpwq.lagencedefab.com\/Prepod\/wp-content\/uploads\/2025\/10\/29271.webp\" class=\"attachment-full size-full wp-image-1256\" alt=\"impression num\u00e9rique\" srcset=\"https:\/\/zuqhqpfdapzrpwq.lagencedefab.com\/Prepod\/wp-content\/uploads\/2025\/10\/29271.webp 1000w, https:\/\/zuqhqpfdapzrpwq.lagencedefab.com\/Prepod\/wp-content\/uploads\/2025\/10\/29271-300x129.webp 300w, https:\/\/zuqhqpfdapzrpwq.lagencedefab.com\/Prepod\/wp-content\/uploads\/2025\/10\/29271-768x329.webp 768w\" sizes=\"(max-width: 1000px) 100vw, 1000px\" \/><\/div>\n\t\t<\/a>\n\t\t\t\t<div class=\"elementor-post__text\">\n\t\t\t\t<h3 class=\"elementor-post__title\">\n\t\t\t<a href=\"https:\/\/zuqhqpfdapzrpwq.lagencedefab.com\/Prepod\/?p=1349\" >\n\t\t\t\tRoll-up, kak\u00e9mono, totem : lequel choisir ?\t\t\t<\/a>\n\t\t<\/h3>\n\t\t\n\t\t<a class=\"elementor-post__read-more\" href=\"https:\/\/zuqhqpfdapzrpwq.lagencedefab.com\/Prepod\/?p=1349\" aria-label=\"En savoir plus sur Roll-up, kak\u00e9mono, totem : lequel choisir ?\" tabindex=\"-1\" >\n\t\t\tLire la suite de l'article \u00bb\t\t<\/a>\n\n\t\t\t\t<\/div>\n\t\t\t\t<\/article>\n\t\t\t\t<article class=\"elementor-post elementor-grid-item post-1347 post type-post status-publish format-standard has-post-thumbnail hentry category-non-classe\" role=\"listitem\">\n\t\t\t\t<a class=\"elementor-post__thumbnail__link\" href=\"https:\/\/zuqhqpfdapzrpwq.lagencedefab.com\/Prepod\/?p=1347\" tabindex=\"-1\" >\n\t\t\t<div class=\"elementor-post__thumbnail\"><img fetchpriority=\"high\" decoding=\"async\" width=\"1000\" height=\"429\" src=\"https:\/\/zuqhqpfdapzrpwq.lagencedefab.com\/Prepod\/wp-content\/uploads\/2025\/10\/29271.webp\" class=\"attachment-full size-full wp-image-1256\" alt=\"impression num\u00e9rique\" srcset=\"https:\/\/zuqhqpfdapzrpwq.lagencedefab.com\/Prepod\/wp-content\/uploads\/2025\/10\/29271.webp 1000w, https:\/\/zuqhqpfdapzrpwq.lagencedefab.com\/Prepod\/wp-content\/uploads\/2025\/10\/29271-300x129.webp 300w, https:\/\/zuqhqpfdapzrpwq.lagencedefab.com\/Prepod\/wp-content\/uploads\/2025\/10\/29271-768x329.webp 768w\" sizes=\"(max-width: 1000px) 100vw, 1000px\" \/><\/div>\n\t\t<\/a>\n\t\t\t\t<div class=\"elementor-post__text\">\n\t\t\t\t<h3 class=\"elementor-post__title\">\n\t\t\t<a href=\"https:\/\/zuqhqpfdapzrpwq.lagencedefab.com\/Prepod\/?p=1347\" >\n\t\t\t\t5 tendances PLV \u00e9coresponsables \u00e0 suivre en 2026\t\t\t<\/a>\n\t\t<\/h3>\n\t\t\n\t\t<a class=\"elementor-post__read-more\" href=\"https:\/\/zuqhqpfdapzrpwq.lagencedefab.com\/Prepod\/?p=1347\" aria-label=\"En savoir plus sur 5 tendances PLV \u00e9coresponsables \u00e0 suivre en 2026\" tabindex=\"-1\" >\n\t\t\tLire la suite de l'article \u00bb\t\t<\/a>\n\n\t\t\t\t<\/div>\n\t\t\t\t<\/article>\n\t\t\t\t<article class=\"elementor-post elementor-grid-item post-1345 post type-post status-publish format-standard has-post-thumbnail hentry category-non-classe\" role=\"listitem\">\n\t\t\t\t<a class=\"elementor-post__thumbnail__link\" href=\"https:\/\/zuqhqpfdapzrpwq.lagencedefab.com\/Prepod\/?p=1345\" tabindex=\"-1\" >\n\t\t\t<div class=\"elementor-post__thumbnail\"><img fetchpriority=\"high\" decoding=\"async\" width=\"1000\" height=\"429\" src=\"https:\/\/zuqhqpfdapzrpwq.lagencedefab.com\/Prepod\/wp-content\/uploads\/2025\/10\/29271.webp\" class=\"attachment-full size-full wp-image-1256\" alt=\"impression num\u00e9rique\" srcset=\"https:\/\/zuqhqpfdapzrpwq.lagencedefab.com\/Prepod\/wp-content\/uploads\/2025\/10\/29271.webp 1000w, https:\/\/zuqhqpfdapzrpwq.lagencedefab.com\/Prepod\/wp-content\/uploads\/2025\/10\/29271-300x129.webp 300w, https:\/\/zuqhqpfdapzrpwq.lagencedefab.com\/Prepod\/wp-content\/uploads\/2025\/10\/29271-768x329.webp 768w\" sizes=\"(max-width: 1000px) 100vw, 1000px\" \/><\/div>\n\t\t<\/a>\n\t\t\t\t<div class=\"elementor-post__text\">\n\t\t\t\t<h3 class=\"elementor-post__title\">\n\t\t\t<a href=\"https:\/\/zuqhqpfdapzrpwq.lagencedefab.com\/Prepod\/?p=1345\" >\n\t\t\t\tB\u00e2che, dibond ou PVC : quel mat\u00e9riau choisir pour votre signal\u00e9tique ext\u00e9rieure ?\t\t\t<\/a>\n\t\t<\/h3>\n\t\t\n\t\t<a class=\"elementor-post__read-more\" href=\"https:\/\/zuqhqpfdapzrpwq.lagencedefab.com\/Prepod\/?p=1345\" aria-label=\"En savoir plus sur B\u00e2che, dibond ou PVC : quel mat\u00e9riau choisir pour votre signal\u00e9tique ext\u00e9rieure ?\" tabindex=\"-1\" >\n\t\t\tLire la suite de l'article \u00bb\t\t<\/a>\n\n\t\t\t\t<\/div>\n\t\t\t\t<\/article>\n\t\t\t\t<article class=\"elementor-post elementor-grid-item post-1340 post type-post status-publish format-standard has-post-thumbnail hentry category-non-classe\" role=\"listitem\">\n\t\t\t\t<a class=\"elementor-post__thumbnail__link\" href=\"https:\/\/zuqhqpfdapzrpwq.lagencedefab.com\/Prepod\/?p=1340\" tabindex=\"-1\" >\n\t\t\t<div class=\"elementor-post__thumbnail\"><img decoding=\"async\" width=\"1065\" height=\"578\" src=\"https:\/\/zuqhqpfdapzrpwq.lagencedefab.com\/Prepod\/wp-content\/uploads\/2025\/03\/image.webp\" class=\"attachment-full size-full wp-image-533\" alt=\"\" srcset=\"https:\/\/zuqhqpfdapzrpwq.lagencedefab.com\/Prepod\/wp-content\/uploads\/2025\/03\/image.webp 1065w, https:\/\/zuqhqpfdapzrpwq.lagencedefab.com\/Prepod\/wp-content\/uploads\/2025\/03\/image-300x163.webp 300w, https:\/\/zuqhqpfdapzrpwq.lagencedefab.com\/Prepod\/wp-content\/uploads\/2025\/03\/image-1024x556.webp 1024w, https:\/\/zuqhqpfdapzrpwq.lagencedefab.com\/Prepod\/wp-content\/uploads\/2025\/03\/image-768x417.webp 768w\" sizes=\"(max-width: 1065px) 100vw, 1065px\" \/><\/div>\n\t\t<\/a>\n\t\t\t\t<div class=\"elementor-post__text\">\n\t\t\t\t<h3 class=\"elementor-post__title\">\n\t\t\t<a href=\"https:\/\/zuqhqpfdapzrpwq.lagencedefab.com\/Prepod\/?p=1340\" >\n\t\t\t\tTrouver une imprimerie sp\u00e9cialis\u00e9e en PLV sur mesure pr\u00e8s de chez vous\t\t\t<\/a>\n\t\t<\/h3>\n\t\t\n\t\t<a class=\"elementor-post__read-more\" href=\"https:\/\/zuqhqpfdapzrpwq.lagencedefab.com\/Prepod\/?p=1340\" aria-label=\"En savoir plus sur Trouver une imprimerie sp\u00e9cialis\u00e9e en PLV sur mesure pr\u00e8s de chez vous\" tabindex=\"-1\" >\n\t\t\tLire la suite de l'article \u00bb\t\t<\/a>\n\n\t\t\t\t<\/div>\n\t\t\t\t<\/article>\n\t\t\t\t<article class=\"elementor-post elementor-grid-item post-1255 post type-post status-publish format-standard has-post-thumbnail hentry category-non-classe\" role=\"listitem\">\n\t\t\t\t<a class=\"elementor-post__thumbnail__link\" href=\"https:\/\/zuqhqpfdapzrpwq.lagencedefab.com\/Prepod\/?p=1255\" tabindex=\"-1\" >\n\t\t\t<div class=\"elementor-post__thumbnail\"><img fetchpriority=\"high\" decoding=\"async\" width=\"1000\" height=\"429\" src=\"https:\/\/zuqhqpfdapzrpwq.lagencedefab.com\/Prepod\/wp-content\/uploads\/2025\/10\/29271.webp\" class=\"attachment-full size-full wp-image-1256\" alt=\"impression num\u00e9rique\" srcset=\"https:\/\/zuqhqpfdapzrpwq.lagencedefab.com\/Prepod\/wp-content\/uploads\/2025\/10\/29271.webp 1000w, https:\/\/zuqhqpfdapzrpwq.lagencedefab.com\/Prepod\/wp-content\/uploads\/2025\/10\/29271-300x129.webp 300w, https:\/\/zuqhqpfdapzrpwq.lagencedefab.com\/Prepod\/wp-content\/uploads\/2025\/10\/29271-768x329.webp 768w\" sizes=\"(max-width: 1000px) 100vw, 1000px\" \/><\/div>\n\t\t<\/a>\n\t\t\t\t<div class=\"elementor-post__text\">\n\t\t\t\t<h3 class=\"elementor-post__title\">\n\t\t\t<a href=\"https:\/\/zuqhqpfdapzrpwq.lagencedefab.com\/Prepod\/?p=1255\" >\n\t\t\t\tImpression num\u00e9rique vs offset : quel choix pour vos projets B2B ?\t\t\t<\/a>\n\t\t<\/h3>\n\t\t\n\t\t<a class=\"elementor-post__read-more\" href=\"https:\/\/zuqhqpfdapzrpwq.lagencedefab.com\/Prepod\/?p=1255\" aria-label=\"En savoir plus sur Impression num\u00e9rique vs offset : quel choix pour vos projets B2B ?\" tabindex=\"-1\" >\n\t\t\tLire la suite de l'article \u00bb\t\t<\/a>\n\n\t\t\t\t<\/div>\n\t\t\t\t<\/article>\n\t\t\t\t<article class=\"elementor-post elementor-grid-item post-1252 post type-post status-publish format-standard has-post-thumbnail hentry category-non-classe\" role=\"listitem\">\n\t\t\t\t<a class=\"elementor-post__thumbnail__link\" href=\"https:\/\/zuqhqpfdapzrpwq.lagencedefab.com\/Prepod\/?p=1252\" tabindex=\"-1\" >\n\t\t\t<div class=\"elementor-post__thumbnail\"><img decoding=\"async\" width=\"1000\" height=\"667\" src=\"https:\/\/zuqhqpfdapzrpwq.lagencedefab.com\/Prepod\/wp-content\/uploads\/2025\/10\/4852265.webp\" class=\"attachment-full size-full wp-image-1253\" alt=\"PLV\" srcset=\"https:\/\/zuqhqpfdapzrpwq.lagencedefab.com\/Prepod\/wp-content\/uploads\/2025\/10\/4852265.webp 1000w, https:\/\/zuqhqpfdapzrpwq.lagencedefab.com\/Prepod\/wp-content\/uploads\/2025\/10\/4852265-300x200.webp 300w, https:\/\/zuqhqpfdapzrpwq.lagencedefab.com\/Prepod\/wp-content\/uploads\/2025\/10\/4852265-768x512.webp 768w\" sizes=\"(max-width: 1000px) 100vw, 1000px\" \/><\/div>\n\t\t<\/a>\n\t\t\t\t<div class=\"elementor-post__text\">\n\t\t\t\t<h3 class=\"elementor-post__title\">\n\t\t\t<a href=\"https:\/\/zuqhqpfdapzrpwq.lagencedefab.com\/Prepod\/?p=1252\" >\n\t\t\t\tPr\u00e9parez vos communications pour Halloween, Black Friday et No\u00ebl : les cl\u00e9s d\u2019une PLV efficace\t\t\t<\/a>\n\t\t<\/h3>\n\t\t\n\t\t<a class=\"elementor-post__read-more\" href=\"https:\/\/zuqhqpfdapzrpwq.lagencedefab.com\/Prepod\/?p=1252\" aria-label=\"En savoir plus sur Pr\u00e9parez vos communications pour Halloween, Black Friday et No\u00ebl : les cl\u00e9s d\u2019une PLV efficace\" tabindex=\"-1\" >\n\t\t\tLire la suite de l'article \u00bb\t\t<\/a>\n\n\t\t\t\t<\/div>\n\t\t\t\t<\/article>\n\t\t\t\t<article class=\"elementor-post elementor-grid-item post-882 post type-post status-publish format-standard has-post-thumbnail hentry category-non-classe\" role=\"listitem\">\n\t\t\t\t<a class=\"elementor-post__thumbnail__link\" href=\"https:\/\/zuqhqpfdapzrpwq.lagencedefab.com\/Prepod\/?p=882\" tabindex=\"-1\" >\n\t\t\t<div class=\"elementor-post__thumbnail\"><img loading=\"lazy\" decoding=\"async\" width=\"1920\" height=\"1080\" src=\"https:\/\/zuqhqpfdapzrpwq.lagencedefab.com\/Prepod\/wp-content\/uploads\/2025\/03\/IMG_0075.webp\" class=\"attachment-full size-full wp-image-564\" alt=\"signal\u00e9tique ext\u00e9rieure\" srcset=\"https:\/\/zuqhqpfdapzrpwq.lagencedefab.com\/Prepod\/wp-content\/uploads\/2025\/03\/IMG_0075.webp 1920w, https:\/\/zuqhqpfdapzrpwq.lagencedefab.com\/Prepod\/wp-content\/uploads\/2025\/03\/IMG_0075-300x169.webp 300w, https:\/\/zuqhqpfdapzrpwq.lagencedefab.com\/Prepod\/wp-content\/uploads\/2025\/03\/IMG_0075-1024x576.webp 1024w, https:\/\/zuqhqpfdapzrpwq.lagencedefab.com\/Prepod\/wp-content\/uploads\/2025\/03\/IMG_0075-768x432.webp 768w, https:\/\/zuqhqpfdapzrpwq.lagencedefab.com\/Prepod\/wp-content\/uploads\/2025\/03\/IMG_0075-1536x864.jpg 1536w\" sizes=\"(max-width: 1920px) 100vw, 1920px\" \/><\/div>\n\t\t<\/a>\n\t\t\t\t<div class=\"elementor-post__text\">\n\t\t\t\t<h3 class=\"elementor-post__title\">\n\t\t\t<a href=\"https:\/\/zuqhqpfdapzrpwq.lagencedefab.com\/Prepod\/?p=882\" >\n\t\t\t\tComment choisir le bon support pour votre signal\u00e9tique ext\u00e9rieure ?\t\t\t<\/a>\n\t\t<\/h3>\n\t\t\n\t\t<a class=\"elementor-post__read-more\" href=\"https:\/\/zuqhqpfdapzrpwq.lagencedefab.com\/Prepod\/?p=882\" aria-label=\"En savoir plus sur Comment choisir le bon support pour votre signal\u00e9tique ext\u00e9rieure ?\" tabindex=\"-1\" >\n\t\t\tLire la suite de l'article \u00bb\t\t<\/a>\n\n\t\t\t\t<\/div>\n\t\t\t\t<\/article>\n\t\t\t\t<article class=\"elementor-post elementor-grid-item post-744 post type-post status-publish format-standard has-post-thumbnail hentry category-non-classe\" role=\"listitem\">\n\t\t\t\t<a class=\"elementor-post__thumbnail__link\" href=\"https:\/\/zuqhqpfdapzrpwq.lagencedefab.com\/Prepod\/?p=744\" tabindex=\"-1\" >\n\t\t\t<div class=\"elementor-post__thumbnail\"><img loading=\"lazy\" decoding=\"async\" width=\"1440\" height=\"1920\" src=\"https:\/\/zuqhqpfdapzrpwq.lagencedefab.com\/Prepod\/wp-content\/uploads\/2025\/09\/PLV.webp\" class=\"attachment-full size-full wp-image-747\" alt=\"plv\" srcset=\"https:\/\/zuqhqpfdapzrpwq.lagencedefab.com\/Prepod\/wp-content\/uploads\/2025\/09\/PLV.webp 1440w, https:\/\/zuqhqpfdapzrpwq.lagencedefab.com\/Prepod\/wp-content\/uploads\/2025\/09\/PLV-225x300.webp 225w, https:\/\/zuqhqpfdapzrpwq.lagencedefab.com\/Prepod\/wp-content\/uploads\/2025\/09\/PLV-768x1024.webp 768w, https:\/\/zuqhqpfdapzrpwq.lagencedefab.com\/Prepod\/wp-content\/uploads\/2025\/09\/PLV-1152x1536.jpg 1152w\" sizes=\"(max-width: 1440px) 100vw, 1440px\" \/><\/div>\n\t\t<\/a>\n\t\t\t\t<div class=\"elementor-post__text\">\n\t\t\t\t<h3 class=\"elementor-post__title\">\n\t\t\t<a href=\"https:\/\/zuqhqpfdapzrpwq.lagencedefab.com\/Prepod\/?p=744\" >\n\t\t\t\t\u200b\u200bTop 5 des erreurs \u00e0 \u00e9viter lors de la conception de votre PLV\t\t\t<\/a>\n\t\t<\/h3>\n\t\t\n\t\t<a class=\"elementor-post__read-more\" href=\"https:\/\/zuqhqpfdapzrpwq.lagencedefab.com\/Prepod\/?p=744\" aria-label=\"En savoir plus sur \u200b\u200bTop 5 des erreurs \u00e0 \u00e9viter lors de la conception de votre PLV\" tabindex=\"-1\" >\n\t\t\tLire la suite de l'article \u00bb\t\t<\/a>\n\n\t\t\t\t<\/div>\n\t\t\t\t<\/article>\n\t\t\t\t<article class=\"elementor-post elementor-grid-item post-1 post type-post status-publish format-standard has-post-thumbnail hentry category-non-classe\" role=\"listitem\">\n\t\t\t\t<a class=\"elementor-post__thumbnail__link\" href=\"https:\/\/zuqhqpfdapzrpwq.lagencedefab.com\/Prepod\/?p=1\" tabindex=\"-1\" >\n\t\t\t<div class=\"elementor-post__thumbnail\"><img loading=\"lazy\" decoding=\"async\" width=\"1440\" height=\"1920\" src=\"https:\/\/zuqhqpfdapzrpwq.lagencedefab.com\/Prepod\/wp-content\/uploads\/2025\/01\/IMG_6960.webp\" class=\"attachment-full size-full wp-image-720\" alt=\"signal\u00e9tique ext\u00e9rieure\" srcset=\"https:\/\/zuqhqpfdapzrpwq.lagencedefab.com\/Prepod\/wp-content\/uploads\/2025\/01\/IMG_6960.webp 1440w, https:\/\/zuqhqpfdapzrpwq.lagencedefab.com\/Prepod\/wp-content\/uploads\/2025\/01\/IMG_6960-225x300.webp 225w, https:\/\/zuqhqpfdapzrpwq.lagencedefab.com\/Prepod\/wp-content\/uploads\/2025\/01\/IMG_6960-768x1024.webp 768w, https:\/\/zuqhqpfdapzrpwq.lagencedefab.com\/Prepod\/wp-content\/uploads\/2025\/01\/IMG_6960-1152x1536.webp 1152w\" sizes=\"(max-width: 1440px) 100vw, 1440px\" \/><\/div>\n\t\t<\/a>\n\t\t\t\t<div class=\"elementor-post__text\">\n\t\t\t\t<h3 class=\"elementor-post__title\">\n\t\t\t<a href=\"https:\/\/zuqhqpfdapzrpwq.lagencedefab.com\/Prepod\/?p=1\" >\n\t\t\t\tComment choisir le bon support pour votre signal\u00e9tique ext\u00e9rieure ?\t\t\t<\/a>\n\t\t<\/h3>\n\t\t\n\t\t<a class=\"elementor-post__read-more\" href=\"https:\/\/zuqhqpfdapzrpwq.lagencedefab.com\/Prepod\/?p=1\" aria-label=\"En savoir plus sur Comment choisir le bon support pour votre signal\u00e9tique ext\u00e9rieure ?\" tabindex=\"-1\" >\n\t\t\tLire la suite de l'article \u00bb\t\t<\/a>\n\n\t\t\t\t<\/div>\n\t\t\t\t<\/article>\n\t\t\t\t<\/div>\n\t\t\n\t\t\t\t\t\t<\/div>\n\t\t\t\t<\/div>\n\t\t\t\t\t<\/div>\n\t\t\t\t<\/div>\n\t\t\t\t<\/div>\n\t\t","protected":false},"excerpt":{"rendered":"","protected":false},"author":1,"featured_media":0,"parent":0,"menu_order":0,"comment_status":"closed","ping_status":"closed","template":"","meta":{"footnotes":""},"folder":[9],"class_list":["post-748","page","type-page","status-publish","hentry"],"_links":{"self":[{"href":"https:\/\/zuqhqpfdapzrpwq.lagencedefab.com\/Prepod\/index.php?rest_route=\/wp\/v2\/pages\/748","targetHints":{"allow":["GET"]}}],"collection":[{"href":"https:\/\/zuqhqpfdapzrpwq.lagencedefab.com\/Prepod\/index.php?rest_route=\/wp\/v2\/pages"}],"about":[{"href":"https:\/\/zuqhqpfdapzrpwq.lagencedefab.com\/Prepod\/index.php?rest_route=\/wp\/v2\/types\/page"}],"author":[{"embeddable":true,"href":"https:\/\/zuqhqpfdapzrpwq.lagencedefab.com\/Prepod\/index.php?rest_route=\/wp\/v2\/users\/1"}],"replies":[{"embeddable":true,"href":"https:\/\/zuqhqpfdapzrpwq.lagencedefab.com\/Prepod\/index.php?rest_route=%2Fwp%2Fv2%2Fcomments&post=748"}],"version-history":[{"count":7,"href":"https:\/\/zuqhqpfdapzrpwq.lagencedefab.com\/Prepod\/index.php?rest_route=\/wp\/v2\/pages\/748\/revisions"}],"predecessor-version":[{"id":1272,"href":"https:\/\/zuqhqpfdapzrpwq.lagencedefab.com\/Prepod\/index.php?rest_route=\/wp\/v2\/pages\/748\/revisions\/1272"}],"wp:attachment":[{"href":"https:\/\/zuqhqpfdapzrpwq.lagencedefab.com\/Prepod\/index.php?rest_route=%2Fwp%2Fv2%2Fmedia&parent=748"}],"wp:term":[{"taxonomy":"folder","embeddable":true,"href":"https:\/\/zuqhqpfdapzrpwq.lagencedefab.com\/Prepod\/index.php?rest_route=%2Fwp%2Fv2%2Ffolder&post=748"}],"curies":[{"name":"wp","href":"https:\/\/api.w.org\/{rel}","templated":true}]}}