{"id":381,"date":"2025-02-11T15:43:46","date_gmt":"2025-02-11T14:43:46","guid":{"rendered":"https:\/\/devleaderprint.marketementvotre.digital\/?page_id=381"},"modified":"2025-09-12T16:47:52","modified_gmt":"2025-09-12T14:47:52","slug":"generateur-de-qr-code","status":"publish","type":"page","link":"https:\/\/zuqhqpfdapzrpwq.lagencedefab.com\/Prepod\/?page_id=381","title":{"rendered":"G\u00e9n\u00e9rateur de qr code"},"content":{"rendered":"\t\t<div data-elementor-type=\"wp-page\" data-elementor-id=\"381\" class=\"elementor elementor-381\" data-elementor-post-type=\"page\">\n\t\t\t\t<div class=\"elementor-element elementor-element-bf93eb8 e-con-full e-flex e-con e-parent\" data-id=\"bf93eb8\" data-element_type=\"container\" data-e-type=\"container\" data-settings=\"{&quot;background_background&quot;:&quot;classic&quot;,&quot;sticky&quot;:&quot;top&quot;,&quot;sticky_on&quot;:[&quot;desktop&quot;,&quot;tablet&quot;,&quot;mobile&quot;],&quot;sticky_offset&quot;:0,&quot;sticky_effects_offset&quot;:0,&quot;sticky_anchor_link_offset&quot;:0}\">\n\t\t\t\t<div class=\"elementor-element elementor-element-4b1b2b3 elementor-widget-mobile__width-initial elementor-widget elementor-widget-image\" data-id=\"4b1b2b3\" data-element_type=\"widget\" data-e-type=\"widget\" data-widget_type=\"image.default\">\n\t\t\t\t\t\t\t\t\t\t\t\t\t\t\t\t<a href=\"https:\/\/zuqhqpfdapzrpwq.lagencedefab.com\/Prepod\">\n\t\t\t\t\t\t\t<img fetchpriority=\"high\" decoding=\"async\" width=\"968\" height=\"172\" src=\"https:\/\/zuqhqpfdapzrpwq.lagencedefab.com\/Prepod\/wp-content\/uploads\/2025\/01\/lgoo.svg\" class=\"attachment-full size-full wp-image-15\" alt=\"\" \/>\t\t\t\t\t\t\t\t<\/a>\n\t\t\t\t\t\t\t\t\t\t\t\t\t\t\t<\/div>\n\t\t<div class=\"elementor-element elementor-element-333c838 elementor-hidden-mobile e-flex e-con-boxed e-con e-child\" data-id=\"333c838\" data-element_type=\"container\" data-e-type=\"container\">\n\t\t\t\t\t<div class=\"e-con-inner\">\n\t\t\t\t<div class=\"elementor-element elementor-element-a27a05b elementor-widget__width-initial elementor-widget elementor-widget-image\" data-id=\"a27a05b\" data-element_type=\"widget\" data-e-type=\"widget\" data-widget_type=\"image.default\">\n\t\t\t\t\t\t\t\t\t\t\t\t\t\t\t\t<a href=\"https:\/\/zuqhqpfdapzrpwq.lagencedefab.com\/Prepod\/le-groupe\/leader-print-paris\/\">\n\t\t\t\t\t\t\t<img decoding=\"async\" width=\"300\" height=\"150\" src=\"https:\/\/zuqhqpfdapzrpwq.lagencedefab.com\/Prepod\/wp-content\/uploads\/2025\/01\/comptoire-de-limage.webp\" class=\"attachment-large size-large wp-image-357\" alt=\"\" \/>\t\t\t\t\t\t\t\t<\/a>\n\t\t\t\t\t\t\t\t\t\t\t\t\t\t\t<\/div>\n\t\t\t\t<div class=\"elementor-element elementor-element-a89f0a7 elementor-widget__width-initial elementor-widget elementor-widget-image\" data-id=\"a89f0a7\" data-element_type=\"widget\" data-e-type=\"widget\" data-widget_type=\"image.default\">\n\t\t\t\t\t\t\t\t\t\t\t\t\t\t\t\t<a href=\"https:\/\/zuqhqpfdapzrpwq.lagencedefab.com\/Prepod\/le-groupe\/leaderprint-montpellier\/\">\n\t\t\t\t\t\t\t<img decoding=\"async\" width=\"300\" height=\"150\" src=\"https:\/\/zuqhqpfdapzrpwq.lagencedefab.com\/Prepod\/wp-content\/uploads\/2025\/01\/media-fab.webp\" class=\"attachment-large size-large wp-image-356\" alt=\"\" \/>\t\t\t\t\t\t\t\t<\/a>\n\t\t\t\t\t\t\t\t\t\t\t\t\t\t\t<\/div>\n\t\t\t\t<div class=\"elementor-element elementor-element-fb92d9e elementor-widget__width-initial elementor-widget elementor-widget-image\" data-id=\"fb92d9e\" data-element_type=\"widget\" data-e-type=\"widget\" data-widget_type=\"image.default\">\n\t\t\t\t\t\t\t\t\t\t\t\t\t\t\t\t<a href=\"https:\/\/zuqhqpfdapzrpwq.lagencedefab.com\/Prepod\/le-groupe\/leader-print-lyon\/\">\n\t\t\t\t\t\t\t<img loading=\"lazy\" decoding=\"async\" width=\"300\" height=\"150\" src=\"https:\/\/zuqhqpfdapzrpwq.lagencedefab.com\/Prepod\/wp-content\/uploads\/2025\/01\/sitep-1.webp\" class=\"attachment-large size-large wp-image-355\" alt=\"\" \/>\t\t\t\t\t\t\t\t<\/a>\n\t\t\t\t\t\t\t\t\t\t\t\t\t\t\t<\/div>\n\t\t\t\t<div class=\"elementor-element elementor-element-2e5e3cf elementor-widget__width-initial elementor-widget elementor-widget-image\" data-id=\"2e5e3cf\" data-element_type=\"widget\" data-e-type=\"widget\" data-widget_type=\"image.default\">\n\t\t\t\t\t\t\t\t\t\t\t\t\t\t\t\t<a href=\"https:\/\/zuqhqpfdapzrpwq.lagencedefab.com\/Prepod\/le-groupe\/leader-print-paris\/\">\n\t\t\t\t\t\t\t<img loading=\"lazy\" decoding=\"async\" width=\"300\" height=\"150\" src=\"https:\/\/zuqhqpfdapzrpwq.lagencedefab.com\/Prepod\/wp-content\/uploads\/2025\/01\/adf.webp\" class=\"attachment-large size-large wp-image-354\" alt=\"\" \/>\t\t\t\t\t\t\t\t<\/a>\n\t\t\t\t\t\t\t\t\t\t\t\t\t\t\t<\/div>\n\t\t\t\t<div class=\"elementor-element elementor-element-84f2e0a elementor-widget__width-initial elementor-widget elementor-widget-image\" data-id=\"84f2e0a\" data-element_type=\"widget\" data-e-type=\"widget\" data-widget_type=\"image.default\">\n\t\t\t\t\t\t\t\t\t\t\t\t\t\t\t\t<a href=\"https:\/\/zuqhqpfdapzrpwq.lagencedefab.com\/Prepod\/le-groupe\/leader-print-paris\/\">\n\t\t\t\t\t\t\t<img loading=\"lazy\" decoding=\"async\" width=\"300\" height=\"150\" src=\"https:\/\/zuqhqpfdapzrpwq.lagencedefab.com\/Prepod\/wp-content\/uploads\/2025\/01\/studio.webp\" class=\"attachment-large size-large wp-image-353\" alt=\"\" \/>\t\t\t\t\t\t\t\t<\/a>\n\t\t\t\t\t\t\t\t\t\t\t\t\t\t\t<\/div>\n\t\t\t\t\t<\/div>\n\t\t\t\t<\/div>\n\t\t\t\t<div class=\"elementor-element elementor-element-0136375 elementor-nav-menu--stretch elementor-nav-menu__text-align-aside elementor-nav-menu--toggle elementor-nav-menu--burger elementor-widget elementor-widget-nav-menu\" data-id=\"0136375\" data-element_type=\"widget\" data-e-type=\"widget\" data-settings=\"{&quot;layout&quot;:&quot;dropdown&quot;,&quot;full_width&quot;:&quot;stretch&quot;,&quot;submenu_icon&quot;:{&quot;value&quot;:&quot;&lt;svg aria-hidden=\\&quot;true\\&quot; class=\\&quot;e-font-icon-svg e-fas-caret-down\\&quot; viewBox=\\&quot;0 0 320 512\\&quot; xmlns=\\&quot;http:\\\/\\\/www.w3.org\\\/2000\\\/svg\\&quot;&gt;&lt;path d=\\&quot;M31.3 192h257.3c17.8 0 26.7 21.5 14.1 34.1L174.1 354.8c-7.8 7.8-20.5 7.8-28.3 0L17.2 226.1C4.6 213.5 13.5 192 31.3 192z\\&quot;&gt;&lt;\\\/path&gt;&lt;\\\/svg&gt;&quot;,&quot;library&quot;:&quot;fa-solid&quot;},&quot;toggle&quot;:&quot;burger&quot;}\" data-widget_type=\"nav-menu.default\">\n\t\t\t\t\t\t\t<div class=\"elementor-menu-toggle\" role=\"button\" tabindex=\"0\" aria-label=\"Permuter le menu\" aria-expanded=\"false\">\n\t\t\t<svg aria-hidden=\"true\" role=\"presentation\" class=\"elementor-menu-toggle__icon--open e-font-icon-svg e-eicon-menu-bar\" viewBox=\"0 0 1000 1000\" xmlns=\"http:\/\/www.w3.org\/2000\/svg\"><path d=\"M104 333H896C929 333 958 304 958 271S929 208 896 208H104C71 208 42 237 42 271S71 333 104 333ZM104 583H896C929 583 958 554 958 521S929 458 896 458H104C71 458 42 487 42 521S71 583 104 583ZM104 833H896C929 833 958 804 958 771S929 708 896 708H104C71 708 42 737 42 771S71 833 104 833Z\"><\/path><\/svg><svg aria-hidden=\"true\" role=\"presentation\" class=\"elementor-menu-toggle__icon--close e-font-icon-svg e-eicon-close\" viewBox=\"0 0 1000 1000\" xmlns=\"http:\/\/www.w3.org\/2000\/svg\"><path d=\"M742 167L500 408 258 167C246 154 233 150 217 150 196 150 179 158 167 167 154 179 150 196 150 212 150 229 154 242 171 254L408 500 167 742C138 771 138 800 167 829 196 858 225 858 254 829L496 587 738 829C750 842 767 846 783 846 800 846 817 842 829 829 842 817 846 804 846 783 846 767 842 750 829 737L588 500 833 258C863 229 863 200 833 171 804 137 775 137 742 167Z\"><\/path><\/svg>\t\t<\/div>\n\t\t\t\t\t<nav class=\"elementor-nav-menu--dropdown elementor-nav-menu__container\" aria-hidden=\"true\">\n\t\t\t\t<ul id=\"menu-2-0136375\" class=\"elementor-nav-menu\"><li class=\"menu-item menu-item-type-custom menu-item-object-custom menu-item-has-children menu-item-655\"><a class=\"elementor-item\" tabindex=\"-1\">Le groupe<\/a>\n<ul class=\"sub-menu elementor-nav-menu--dropdown\">\n\t<li class=\"menu-item menu-item-type-post_type menu-item-object-page menu-item-39\"><a href=\"https:\/\/zuqhqpfdapzrpwq.lagencedefab.com\/Prepod\/?page_id=20\" class=\"elementor-sub-item\" tabindex=\"-1\">Histoire<\/a><\/li>\n\t<li class=\"menu-item menu-item-type-post_type menu-item-object-page menu-item-38\"><a href=\"https:\/\/zuqhqpfdapzrpwq.lagencedefab.com\/Prepod\/?page_id=18\" class=\"elementor-sub-item\" tabindex=\"-1\">Culture &amp; Valeurs<\/a><\/li>\n\t<li class=\"menu-item menu-item-type-post_type menu-item-object-page menu-item-571\"><a href=\"https:\/\/zuqhqpfdapzrpwq.lagencedefab.com\/Prepod\/?page_id=524\" class=\"elementor-sub-item\" tabindex=\"-1\">Leader Print Lyon<\/a><\/li>\n\t<li class=\"menu-item menu-item-type-post_type menu-item-object-page menu-item-432\"><a href=\"https:\/\/zuqhqpfdapzrpwq.lagencedefab.com\/Prepod\/?page_id=422\" class=\"elementor-sub-item\" tabindex=\"-1\">LeaderPrint Montpellier<\/a><\/li>\n\t<li class=\"menu-item menu-item-type-post_type menu-item-object-page menu-item-572\"><a href=\"https:\/\/zuqhqpfdapzrpwq.lagencedefab.com\/Prepod\/?page_id=518\" class=\"elementor-sub-item\" tabindex=\"-1\">Leader Print Paris<\/a><\/li>\n<\/ul>\n<\/li>\n<li class=\"menu-item menu-item-type-custom menu-item-object-custom menu-item-has-children menu-item-40\"><a class=\"elementor-item\" tabindex=\"-1\">Savoir-Faire<\/a>\n<ul class=\"sub-menu elementor-nav-menu--dropdown\">\n\t<li class=\"menu-item menu-item-type-post_type menu-item-object-page menu-item-41\"><a href=\"https:\/\/zuqhqpfdapzrpwq.lagencedefab.com\/Prepod\/?page_id=22\" class=\"elementor-sub-item\" tabindex=\"-1\">Signal\u00e9tique et Communication visuelle<\/a><\/li>\n\t<li class=\"menu-item menu-item-type-post_type menu-item-object-page menu-item-42\"><a href=\"https:\/\/zuqhqpfdapzrpwq.lagencedefab.com\/Prepod\/?page_id=24\" class=\"elementor-sub-item\" tabindex=\"-1\">Impression Num\u00e9rique grand format<\/a><\/li>\n\t<li class=\"menu-item menu-item-type-post_type menu-item-object-page menu-item-43\"><a href=\"https:\/\/zuqhqpfdapzrpwq.lagencedefab.com\/Prepod\/?page_id=26\" class=\"elementor-sub-item\" tabindex=\"-1\">Am\u00e9nagement et D\u00e9coration sur mesure<\/a><\/li>\n\t<li class=\"menu-item menu-item-type-post_type menu-item-object-page menu-item-44\"><a href=\"https:\/\/zuqhqpfdapzrpwq.lagencedefab.com\/Prepod\/?page_id=28\" class=\"elementor-sub-item\" tabindex=\"-1\">\u00c9v\u00e9nementiel et stands d\u2019exposition<\/a><\/li>\n\t<li class=\"menu-item menu-item-type-post_type menu-item-object-page menu-item-45\"><a href=\"https:\/\/zuqhqpfdapzrpwq.lagencedefab.com\/Prepod\/?page_id=30\" class=\"elementor-sub-item\" tabindex=\"-1\">Pose et installation<\/a><\/li>\n\t<li class=\"menu-item menu-item-type-post_type menu-item-object-page menu-item-579\"><a href=\"https:\/\/zuqhqpfdapzrpwq.lagencedefab.com\/Prepod\/?page_id=381\" class=\"elementor-sub-item\" tabindex=\"-1\">G\u00e9n\u00e9rateur de qr code<\/a><\/li>\n<\/ul>\n<\/li>\n<li class=\"menu-item menu-item-type-post_type menu-item-object-page menu-item-46\"><a href=\"https:\/\/zuqhqpfdapzrpwq.lagencedefab.com\/Prepod\/?page_id=32\" class=\"elementor-item\" tabindex=\"-1\">R\u00e9alisations<\/a><\/li>\n<li class=\"menu-item menu-item-type-post_type menu-item-object-page menu-item-343\"><a href=\"https:\/\/zuqhqpfdapzrpwq.lagencedefab.com\/Prepod\/?page_id=341\" class=\"elementor-item\" tabindex=\"-1\">Positionnement<\/a><\/li>\n<li class=\"menu-item menu-item-type-post_type menu-item-object-page menu-item-47\"><a href=\"https:\/\/zuqhqpfdapzrpwq.lagencedefab.com\/Prepod\/?page_id=36\" class=\"elementor-item\" tabindex=\"-1\">Nous rejoindre<\/a><\/li>\n<li class=\"menu-item menu-item-type-post_type menu-item-object-page menu-item-48\"><a href=\"https:\/\/zuqhqpfdapzrpwq.lagencedefab.com\/Prepod\/?page_id=34\" class=\"elementor-item\" tabindex=\"-1\">Contact &#038; Demande de devis<\/a><\/li>\n<li class=\"menu-item menu-item-type-post_type menu-item-object-page menu-item-753\"><a href=\"https:\/\/zuqhqpfdapzrpwq.lagencedefab.com\/Prepod\/?page_id=748\" class=\"elementor-item\" tabindex=\"-1\">Ressources<\/a><\/li>\n<li class=\"menu-item menu-item-type-custom menu-item-object-custom menu-item-has-children menu-item-1490\"><a href=\"#\" class=\"elementor-item elementor-item-anchor\" tabindex=\"-1\">Mon Compte<\/a>\n<ul class=\"sub-menu elementor-nav-menu--dropdown\">\n\t<li class=\"menu-item menu-item-type-custom menu-item-object-custom menu-item-1491\"><a href=\"#\" class=\"elementor-sub-item elementor-item-anchor\" tabindex=\"-1\">Mes factures<\/a><\/li>\n\t<li class=\"menu-item menu-item-type-custom menu-item-object-custom menu-item-1492\"><a href=\"#\" class=\"elementor-sub-item elementor-item-anchor\" tabindex=\"-1\">Passer une comande<\/a><\/li>\n<\/ul>\n<\/li>\n<\/ul>\t\t\t<\/nav>\n\t\t\t\t\t\t<\/div>\n\t\t\t\t<\/div>\n\t\t<div class=\"elementor-element elementor-element-12c9ddf e-flex e-con-boxed e-con e-parent\" data-id=\"12c9ddf\" data-element_type=\"container\" data-e-type=\"container\">\n\t\t\t\t\t<div class=\"e-con-inner\">\n\t\t\t\t<div class=\"elementor-element elementor-element-658a216 elementor-widget elementor-widget-heading\" data-id=\"658a216\" data-element_type=\"widget\" data-e-type=\"widget\" data-widget_type=\"heading.default\">\n\t\t\t\t\t<h2 class=\"elementor-heading-title elementor-size-default\">G\u00e9n\u00e9rer votre QR code gratuitement<\/h2>\t\t\t\t<\/div>\n\t\t\t\t<div class=\"elementor-element elementor-element-521a2dc elementor-widget elementor-widget-text-editor\" data-id=\"521a2dc\" data-element_type=\"widget\" data-e-type=\"widget\" data-widget_type=\"text-editor.default\">\n\t\t\t\t\t\t\t\t\t<p class=\"p1\"><b>G\u00e9n\u00e9rez vos QR codes en un clic !<\/b><b><\/b><\/p>\n<p class=\"p3\">Facilitez l\u2019acc\u00e8s \u00e0 vos informations gr\u00e2ce \u00e0 notre g\u00e9n\u00e9rateur de QR codes rapide et intuitif. Transformez l&rsquo;url de votre site en QR codes scannables en quelques secondes ! Que ce soit pour partager un site web, un contact ou une promotion, notre outil vous permet de cr\u00e9er des QR codes personnalis\u00e9s en toute simplicit\u00e9.<\/p>\n<p class=\"p3\">Essayez d\u00e8s maintenant notre g\u00e9n\u00e9rateur de QR code et simplifiez la communication avec vos clients et partenaires !<\/p>\t\t\t\t\t\t\t\t<\/div>\n\t\t\t\t\t<\/div>\n\t\t\t\t<\/div>\n\t\t<div class=\"elementor-element elementor-element-3889379 e-flex e-con-boxed e-con e-parent\" data-id=\"3889379\" data-element_type=\"container\" data-e-type=\"container\">\n\t\t\t\t\t<div class=\"e-con-inner\">\n\t\t<div class=\"elementor-element elementor-element-cc5f4b4 e-con-full e-flex e-con e-child\" data-id=\"cc5f4b4\" data-element_type=\"container\" data-e-type=\"container\">\n\t\t\t\t<div class=\"elementor-element elementor-element-91c451b elementor-icon-list--layout-traditional elementor-list-item-link-full_width elementor-widget elementor-widget-icon-list\" data-id=\"91c451b\" data-element_type=\"widget\" data-e-type=\"widget\" data-widget_type=\"icon-list.default\">\n\t\t\t\t\t\t\t<ul class=\"elementor-icon-list-items\">\n\t\t\t\t\t\t\t<li class=\"elementor-icon-list-item\">\n\t\t\t\t\t\t\t\t\t\t\t<span class=\"elementor-icon-list-icon\">\n\t\t\t\t\t\t\t<svg aria-hidden=\"true\" class=\"e-font-icon-svg e-fas-sitemap\" viewBox=\"0 0 640 512\" xmlns=\"http:\/\/www.w3.org\/2000\/svg\"><path d=\"M128 352H32c-17.67 0-32 14.33-32 32v96c0 17.67 14.33 32 32 32h96c17.67 0 32-14.33 32-32v-96c0-17.67-14.33-32-32-32zm-24-80h192v48h48v-48h192v48h48v-57.59c0-21.17-17.23-38.41-38.41-38.41H344v-64h40c17.67 0 32-14.33 32-32V32c0-17.67-14.33-32-32-32H256c-17.67 0-32 14.33-32 32v96c0 17.67 14.33 32 32 32h40v64H94.41C73.23 224 56 241.23 56 262.41V320h48v-48zm264 80h-96c-17.67 0-32 14.33-32 32v96c0 17.67 14.33 32 32 32h96c17.67 0 32-14.33 32-32v-96c0-17.67-14.33-32-32-32zm240 0h-96c-17.67 0-32 14.33-32 32v96c0 17.67 14.33 32 32 32h96c17.67 0 32-14.33 32-32v-96c0-17.67-14.33-32-32-32z\"><\/path><\/svg>\t\t\t\t\t\t<\/span>\n\t\t\t\t\t\t\t\t\t\t<span class=\"elementor-icon-list-text\">Entrez votre URL de destination<\/span>\n\t\t\t\t\t\t\t\t\t<\/li>\n\t\t\t\t\t\t<\/ul>\n\t\t\t\t\t\t<\/div>\n\t\t\t\t<div class=\"elementor-element elementor-element-2a6cccc elementor-widget elementor-widget-text-editor\" data-id=\"2a6cccc\" data-element_type=\"widget\" data-e-type=\"widget\" data-widget_type=\"text-editor.default\">\n\t\t\t\t\t\t\t\t\t<p>Redirigez les visiteurs vers un site web, une fiche produit, une page sur les r\u00e9seaux sociaux, etc.<\/p>\t\t\t\t\t\t\t\t<\/div>\n\t\t\t\t<\/div>\n\t\t<div class=\"elementor-element elementor-element-4cd8937 e-con-full e-flex e-con e-child\" data-id=\"4cd8937\" data-element_type=\"container\" data-e-type=\"container\">\n\t\t\t\t<div class=\"elementor-element elementor-element-be554d9 elementor-icon-list--layout-traditional elementor-list-item-link-full_width elementor-widget elementor-widget-icon-list\" data-id=\"be554d9\" data-element_type=\"widget\" data-e-type=\"widget\" data-widget_type=\"icon-list.default\">\n\t\t\t\t\t\t\t<ul class=\"elementor-icon-list-items\">\n\t\t\t\t\t\t\t<li class=\"elementor-icon-list-item\">\n\t\t\t\t\t\t\t\t\t\t\t<span class=\"elementor-icon-list-icon\">\n\t\t\t\t\t\t\t<svg aria-hidden=\"true\" class=\"e-font-icon-svg e-fas-arrow-alt-circle-down\" viewBox=\"0 0 512 512\" xmlns=\"http:\/\/www.w3.org\/2000\/svg\"><path d=\"M504 256c0 137-111 248-248 248S8 393 8 256 119 8 256 8s248 111 248 248zM212 140v116h-70.9c-10.7 0-16.1 13-8.5 20.5l114.9 114.3c4.7 4.7 12.2 4.7 16.9 0l114.9-114.3c7.6-7.6 2.2-20.5-8.5-20.5H300V140c0-6.6-5.4-12-12-12h-64c-6.6 0-12 5.4-12 12z\"><\/path><\/svg>\t\t\t\t\t\t<\/span>\n\t\t\t\t\t\t\t\t\t\t<span class=\"elementor-icon-list-text\">T\u00e9l\u00e9charger votre QR code<\/span>\n\t\t\t\t\t\t\t\t\t<\/li>\n\t\t\t\t\t\t<\/ul>\n\t\t\t\t\t\t<\/div>\n\t\t\t\t<div class=\"elementor-element elementor-element-7d2ea4a elementor-widget elementor-widget-text-editor\" data-id=\"7d2ea4a\" data-element_type=\"widget\" data-e-type=\"widget\" data-widget_type=\"text-editor.default\">\n\t\t\t\t\t\t\t\t\t<p>T\u00e9l\u00e9charger votre QR code pour nous l&rsquo; envoyez ou l&rsquo;utiliser sur vos communications.<\/p>\t\t\t\t\t\t\t\t<\/div>\n\t\t\t\t<\/div>\n\t\t\t\t\t<\/div>\n\t\t\t\t<\/div>\n\t\t<div class=\"elementor-element elementor-element-70563f6 e-flex e-con-boxed e-con e-parent\" data-id=\"70563f6\" data-element_type=\"container\" data-e-type=\"container\">\n\t\t\t\t\t<div class=\"e-con-inner\">\n\t\t<div class=\"elementor-element elementor-element-a6c70f0 e-con-full e-flex e-con e-child\" data-id=\"a6c70f0\" data-element_type=\"container\" data-e-type=\"container\">\n\t\t\t\t<div class=\"elementor-element elementor-element-f73f03b elementor-widget elementor-widget-html\" data-id=\"f73f03b\" data-element_type=\"widget\" data-e-type=\"widget\" data-widget_type=\"html.default\">\n\t\t\t\t\t<form onsubmit=\"generateQR(); return false;\">\n    <input type=\"text\" id=\"qrText\" placeholder=\"Entrez l'URL de votre site\" required>\n    <button type=\"submit\">G\u00e9n\u00e9rer QR Code<\/button>\n<\/form>\n\n<div style=\"padding:20px;\" id=\"qrcode\"><\/div>\n<button id=\"downloadBtn\" onclick=\"downloadQR()\">T\u00e9l\u00e9charger le QR Code<\/button>\n\n\n<script src=\"https:\/\/cdnjs.cloudflare.com\/ajax\/libs\/qrcodejs\/1.0.0\/qrcode.min.js\"><\/script>\n<script>\n    function generateQR() {\n        var qrcodeDiv = document.getElementById(\"qrcode\");\n        qrcodeDiv.innerHTML = \"\";\n        var text = document.getElementById(\"qrText\").value;\n\n        if (text.trim() === \"\") {\n            alert(\"Veuillez entrer une URL valide !\");\n            return;\n        }\n\n        var qrCode = new QRCode(qrcodeDiv, {\n            text: text,\n            width: 200,\n            height: 200\n        });\n\n        setTimeout(() => {\n            document.getElementById(\"downloadBtn\").style.display = \"block\";\n        }, 500);\n    }\n\n    function downloadQR() {\n        var qrCanvas = document.querySelector(\"#qrcode canvas\");\n\n        if (!qrCanvas) {\n            alert(\"Veuillez d'abord g\u00e9n\u00e9rer un QR Code !\");\n            return;\n        }\n\n        var qrImage = qrCanvas.toDataURL(\"image\/png\");\n        var downloadLink = document.createElement(\"a\");\n        downloadLink.href = qrImage;\n        downloadLink.download = \"qr-code.png\";\n        downloadLink.click();\n    }\n<\/script>\t\t\t\t<\/div>\n\t\t\t\t<\/div>\n\t\t\t\t\t<\/div>\n\t\t\t\t<\/div>\n\t\t\t\t<\/div>\n\t\t","protected":false},"excerpt":{"rendered":"<p>G\u00e9n\u00e9rer votre QR code gratuitement G\u00e9n\u00e9rez vos QR codes en un clic ! Facilitez l\u2019acc\u00e8s \u00e0 vos informations gr\u00e2ce \u00e0 notre g\u00e9n\u00e9rateur de QR codes rapide et intuitif. Transformez l&rsquo;url de votre site en QR codes scannables en quelques secondes ! Que ce soit pour partager un site web, un contact ou une promotion, notre [&hellip;]<\/p>\n","protected":false},"author":1,"featured_media":0,"parent":0,"menu_order":0,"comment_status":"closed","ping_status":"closed","template":"elementor_canvas","meta":{"footnotes":""},"folder":[9],"class_list":["post-381","page","type-page","status-publish","hentry"],"_links":{"self":[{"href":"https:\/\/zuqhqpfdapzrpwq.lagencedefab.com\/Prepod\/index.php?rest_route=\/wp\/v2\/pages\/381","targetHints":{"allow":["GET"]}}],"collection":[{"href":"https:\/\/zuqhqpfdapzrpwq.lagencedefab.com\/Prepod\/index.php?rest_route=\/wp\/v2\/pages"}],"about":[{"href":"https:\/\/zuqhqpfdapzrpwq.lagencedefab.com\/Prepod\/index.php?rest_route=\/wp\/v2\/types\/page"}],"author":[{"embeddable":true,"href":"https:\/\/zuqhqpfdapzrpwq.lagencedefab.com\/Prepod\/index.php?rest_route=\/wp\/v2\/users\/1"}],"replies":[{"embeddable":true,"href":"https:\/\/zuqhqpfdapzrpwq.lagencedefab.com\/Prepod\/index.php?rest_route=%2Fwp%2Fv2%2Fcomments&post=381"}],"version-history":[{"count":65,"href":"https:\/\/zuqhqpfdapzrpwq.lagencedefab.com\/Prepod\/index.php?rest_route=\/wp\/v2\/pages\/381\/revisions"}],"predecessor-version":[{"id":799,"href":"https:\/\/zuqhqpfdapzrpwq.lagencedefab.com\/Prepod\/index.php?rest_route=\/wp\/v2\/pages\/381\/revisions\/799"}],"wp:attachment":[{"href":"https:\/\/zuqhqpfdapzrpwq.lagencedefab.com\/Prepod\/index.php?rest_route=%2Fwp%2Fv2%2Fmedia&parent=381"}],"wp:term":[{"taxonomy":"folder","embeddable":true,"href":"https:\/\/zuqhqpfdapzrpwq.lagencedefab.com\/Prepod\/index.php?rest_route=%2Fwp%2Fv2%2Ffolder&post=381"}],"curies":[{"name":"wp","href":"https:\/\/api.w.org\/{rel}","templated":true}]}}