{"id":30,"date":"2025-01-28T15:25:55","date_gmt":"2025-01-28T14:25:55","guid":{"rendered":"https:\/\/devleaderprint.marketementvotre.digital\/?page_id=30"},"modified":"2025-03-06T13:46:51","modified_gmt":"2025-03-06T12:46:51","slug":"pose-et-installation","status":"publish","type":"page","link":"https:\/\/zuqhqpfdapzrpwq.lagencedefab.com\/Prepod\/?page_id=30","title":{"rendered":"Pose et installation"},"content":{"rendered":"\t\t<div data-elementor-type=\"wp-page\" data-elementor-id=\"30\" class=\"elementor elementor-30\" data-elementor-post-type=\"page\">\n\t\t\t\t<div class=\"elementor-element elementor-element-230d5b1 e-flex e-con-boxed e-con e-parent\" data-id=\"230d5b1\" data-element_type=\"container\" data-e-type=\"container\">\n\t\t\t\t\t<div class=\"e-con-inner\">\n\t\t\t\t<div class=\"elementor-element elementor-element-51165e4 elementor-invisible elementor-widget elementor-widget-heading\" data-id=\"51165e4\" data-element_type=\"widget\" data-e-type=\"widget\" data-settings=\"{&quot;_animation&quot;:&quot;fadeInDown&quot;}\" data-widget_type=\"heading.default\">\n\t\t\t\t\t<h1 class=\"elementor-heading-title elementor-size-default\">Pose et Installation<\/h1>\t\t\t\t<\/div>\n\t\t\t\t<div class=\"elementor-element elementor-element-c61ae16 elementor-widget__width-initial elementor-invisible elementor-widget elementor-widget-text-editor\" data-id=\"c61ae16\" data-element_type=\"widget\" data-e-type=\"widget\" data-settings=\"{&quot;_animation&quot;:&quot;fadeInUp&quot;}\" data-widget_type=\"text-editor.default\">\n\t\t\t\t\t\t\t\t\t<h2>Une expertise terrain pour un rendu parfait<\/h2><p>Nos \u00e9quipes de poseurs qualifi\u00e9s assurent une installation impeccable de vos supports, qu\u2019il s\u2019agisse de signal\u00e9tique, de vitrines, de stands ou de d\u00e9cors \u00e9v\u00e9nementiels. Avec un savoir-faire in\u00e9gal\u00e9 et une attention au d\u00e9tail, nous garantissons un r\u00e9sultat final \u00e0 la hauteur de vos attentes.<\/p>\t\t\t\t\t\t\t\t<\/div>\n\t\t\t\t\t<\/div>\n\t\t\t\t<\/div>\n\t\t<div class=\"elementor-element elementor-element-55cbc61 e-flex e-con-boxed e-con e-parent\" data-id=\"55cbc61\" data-element_type=\"container\" data-e-type=\"container\">\n\t\t\t\t\t<div class=\"e-con-inner\">\n\t\t<div class=\"elementor-element elementor-element-2911f79 e-con-full e-flex e-con e-child\" data-id=\"2911f79\" data-element_type=\"container\" data-e-type=\"container\">\n\t\t\t\t<div class=\"elementor-element elementor-element-d4fffca elementor-widget elementor-widget-image-carousel\" data-id=\"d4fffca\" data-element_type=\"widget\" data-e-type=\"widget\" data-settings=\"{&quot;slides_to_show&quot;:&quot;1&quot;,&quot;navigation&quot;:&quot;none&quot;,&quot;autoplay&quot;:&quot;yes&quot;,&quot;pause_on_hover&quot;:&quot;yes&quot;,&quot;pause_on_interaction&quot;:&quot;yes&quot;,&quot;autoplay_speed&quot;:5000,&quot;infinite&quot;:&quot;yes&quot;,&quot;effect&quot;:&quot;slide&quot;,&quot;speed&quot;:500}\" data-widget_type=\"image-carousel.default\">\n\t\t\t\t\t\t\t<div class=\"elementor-image-carousel-wrapper swiper\" role=\"region\" aria-roledescription=\"carousel\" aria-label=\"Carrousel d\u2019images\" dir=\"ltr\">\n\t\t\t<div class=\"elementor-image-carousel swiper-wrapper\" aria-live=\"off\">\n\t\t\t\t\t\t\t\t<div class=\"swiper-slide\" role=\"group\" aria-roledescription=\"slide\" aria-label=\"1 sur 3\"><figure class=\"swiper-slide-inner\"><img decoding=\"async\" class=\"swiper-slide-image\" src=\"https:\/\/zuqhqpfdapzrpwq.lagencedefab.com\/Prepod\/wp-content\/uploads\/2025\/01\/vitrini.webp\" alt=\"vitrini\" \/><\/figure><\/div><div class=\"swiper-slide\" role=\"group\" aria-roledescription=\"slide\" aria-label=\"2 sur 3\"><figure class=\"swiper-slide-inner\"><img decoding=\"async\" class=\"swiper-slide-image\" src=\"https:\/\/zuqhqpfdapzrpwq.lagencedefab.com\/Prepod\/wp-content\/uploads\/2025\/01\/vitrineinstall.webp\" alt=\"vitrineinstall\" \/><\/figure><\/div><div class=\"swiper-slide\" role=\"group\" aria-roledescription=\"slide\" aria-label=\"3 sur 3\"><figure class=\"swiper-slide-inner\"><img decoding=\"async\" class=\"swiper-slide-image\" src=\"https:\/\/zuqhqpfdapzrpwq.lagencedefab.com\/Prepod\/wp-content\/uploads\/2025\/01\/standexpo.webp\" alt=\"standexpo\" \/><\/figure><\/div>\t\t\t<\/div>\n\t\t\t\t\t\t\t\n\t\t\t\t\t\t\t\t\t<\/div>\n\t\t\t\t\t\t<\/div>\n\t\t\t\t<\/div>\n\t\t<div class=\"elementor-element elementor-element-837aa1f e-con-full e-flex e-con e-child\" data-id=\"837aa1f\" data-element_type=\"container\" data-e-type=\"container\">\n\t\t\t\t<div class=\"elementor-element elementor-element-ee54fee elementor-widget elementor-widget-heading\" data-id=\"ee54fee\" data-element_type=\"widget\" data-e-type=\"widget\" data-widget_type=\"heading.default\">\n\t\t\t\t\t<h3 class=\"elementor-heading-title elementor-size-default\">Notre expertise en pose couvre : <\/h3>\t\t\t\t<\/div>\n\t\t\t\t<div class=\"elementor-element elementor-element-dd072c2 elementor-widget elementor-widget-text-editor\" data-id=\"dd072c2\" data-element_type=\"widget\" data-e-type=\"widget\" data-widget_type=\"text-editor.default\">\n\t\t\t\t\t\t\t\t\t<p><strong>Signal\u00e9tique et enseignes :<\/strong> installation int\u00e9rieure et ext\u00e9rieure, avec ma\u00eetrise des contraintes techniques et r\u00e9glementaires.<\/p><p><strong>D\u00e9cors \u00e9v\u00e9nementiels et vitrines :<\/strong> mise en place minutieuse pour un rendu visuel impeccable.<\/p><p><strong>Stands d\u2019exposition et am\u00e9nagements sur mesure :<\/strong> montage rapide et efficace, respectant les d\u00e9lais et sp\u00e9cifications du projet.<\/p><p><strong>Supports complexes :<\/strong> interventions techniques sur des structures sp\u00e9cifiques ou atypiques (mobilier, m\u00e9tallerie, supports de grande hauteur, etc.).<\/p>\t\t\t\t\t\t\t\t<\/div>\n\t\t\t\t<\/div>\n\t\t\t\t\t<\/div>\n\t\t\t\t<\/div>\n\t\t<div class=\"elementor-element elementor-element-2398e1c e-flex e-con-boxed e-con e-parent\" data-id=\"2398e1c\" data-element_type=\"container\" data-e-type=\"container\">\n\t\t\t\t\t<div class=\"e-con-inner\">\n\t\t\t\t<div class=\"elementor-element elementor-element-4be1a43 elementor-widget elementor-widget-heading\" data-id=\"4be1a43\" data-element_type=\"widget\" data-e-type=\"widget\" data-widget_type=\"heading.default\">\n\t\t\t\t\t<h2 class=\"elementor-heading-title elementor-size-default\">Pourquoi nous faire confiance<\/h2>\t\t\t\t<\/div>\n\t\t\t\t<div class=\"elementor-element elementor-element-e173b5d elementor-widget elementor-widget-text-editor\" data-id=\"e173b5d\" data-element_type=\"widget\" data-e-type=\"widget\" data-widget_type=\"text-editor.default\">\n\t\t\t\t\t\t\t\t\t<h3>Une expertise fiable et r\u00e9active pour tous vos projets<\/h3><p>Avec plus de 30 ans d\u2019exp\u00e9rience, nous mettons notre savoir-faire au service de vos projets, qu\u2019il s\u2019agisse de retail, de luxe ou d\u2019\u00e9v\u00e9nementiel.<\/p><p>Nos techniciens qualifi\u00e9s, form\u00e9s aux derni\u00e8res normes et technologies, garantissent une installation pr\u00e9cise et conforme \u00e0 vos exigences.<\/p><p>Nous nous engageons \u00e0 intervenir avec rapidit\u00e9 et efficacit\u00e9, tout en respectant vos d\u00e9lais. Gr\u00e2ce \u00e0 notre couverture nationale, nous sommes en mesure de vous accompagner partout en France, en vous offrant un service fiable, performant et adapt\u00e9 \u00e0 vos besoins.<\/p><h3>Notre priorit\u00e9 : la satisfaction client<\/h3><p>Chaque \u00e9tape de la pose est r\u00e9alis\u00e9e en collaboration avec nos clients pour garantir un r\u00e9sultat conforme \u00e0 leurs attentes, en minimisant les perturbations sur site.<\/p>\t\t\t\t\t\t\t\t<\/div>\n\t\t\t\t\t<\/div>\n\t\t\t\t<\/div>\n\t\t\t\t<\/div>\n\t\t","protected":false},"excerpt":{"rendered":"<p>Pose et Installation Une expertise terrain pour un rendu parfait Nos \u00e9quipes de poseurs qualifi\u00e9s assurent une installation impeccable de vos supports, qu\u2019il s\u2019agisse de signal\u00e9tique, de vitrines, de stands ou de d\u00e9cors \u00e9v\u00e9nementiels. Avec un savoir-faire in\u00e9gal\u00e9 et une attention au d\u00e9tail, nous garantissons un r\u00e9sultat final \u00e0 la hauteur de vos attentes. Notre [&hellip;]<\/p>\n","protected":false},"author":1,"featured_media":253,"parent":0,"menu_order":0,"comment_status":"closed","ping_status":"closed","template":"","meta":{"footnotes":""},"folder":[9],"class_list":["post-30","page","type-page","status-publish","has-post-thumbnail","hentry"],"_links":{"self":[{"href":"https:\/\/zuqhqpfdapzrpwq.lagencedefab.com\/Prepod\/index.php?rest_route=\/wp\/v2\/pages\/30","targetHints":{"allow":["GET"]}}],"collection":[{"href":"https:\/\/zuqhqpfdapzrpwq.lagencedefab.com\/Prepod\/index.php?rest_route=\/wp\/v2\/pages"}],"about":[{"href":"https:\/\/zuqhqpfdapzrpwq.lagencedefab.com\/Prepod\/index.php?rest_route=\/wp\/v2\/types\/page"}],"author":[{"embeddable":true,"href":"https:\/\/zuqhqpfdapzrpwq.lagencedefab.com\/Prepod\/index.php?rest_route=\/wp\/v2\/users\/1"}],"replies":[{"embeddable":true,"href":"https:\/\/zuqhqpfdapzrpwq.lagencedefab.com\/Prepod\/index.php?rest_route=%2Fwp%2Fv2%2Fcomments&post=30"}],"version-history":[{"count":7,"href":"https:\/\/zuqhqpfdapzrpwq.lagencedefab.com\/Prepod\/index.php?rest_route=\/wp\/v2\/pages\/30\/revisions"}],"predecessor-version":[{"id":326,"href":"https:\/\/zuqhqpfdapzrpwq.lagencedefab.com\/Prepod\/index.php?rest_route=\/wp\/v2\/pages\/30\/revisions\/326"}],"wp:featuredmedia":[{"embeddable":true,"href":"https:\/\/zuqhqpfdapzrpwq.lagencedefab.com\/Prepod\/index.php?rest_route=\/wp\/v2\/media\/253"}],"wp:attachment":[{"href":"https:\/\/zuqhqpfdapzrpwq.lagencedefab.com\/Prepod\/index.php?rest_route=%2Fwp%2Fv2%2Fmedia&parent=30"}],"wp:term":[{"taxonomy":"folder","embeddable":true,"href":"https:\/\/zuqhqpfdapzrpwq.lagencedefab.com\/Prepod\/index.php?rest_route=%2Fwp%2Fv2%2Ffolder&post=30"}],"curies":[{"name":"wp","href":"https:\/\/api.w.org\/{rel}","templated":true}]}}